{"id":148,"date":"2022-04-11T10:27:00","date_gmt":"2022-04-11T10:27:00","guid":{"rendered":"http:\/\/okplus.pl\/?page_id=148"},"modified":"2022-05-13T09:55:16","modified_gmt":"2022-05-13T09:55:16","slug":"o-nas","status":"publish","type":"page","link":"https:\/\/okplus.pl\/?page_id=148","title":{"rendered":"O Nas"},"content":{"rendered":"\n<div class=\"wp-container-1 wp-block-group alignfull\">\n<p><\/p>\n\n\n\n<p class=\"has-text-align-center\">Posiadamy W\u0142asne i Wynajmowane Sale Wyk\u0142adowe i Pomieszczenia Warsztatowe.<\/p>\n\n\n\n<p class=\"has-text-align-left\">Prowadzimy Kursy i Szkolenia z:<\/p>\n\n\n\n<ul><li>Profilaktyk\u0119 uzale\u017cnie\u0144 i terapi\u0119 zwi\u0105zane z u\u017cywaniem substancji psychoaktywnych, alkoholu, narkotyk\u00f3w i uzale\u017cnie\u0144 krzy\u017cowych.<\/li><li>Szkolenia z zagadnie\u0144 problematyki os\u00f3b niepe\u0142nosprawnych, w podesz\u0142ym wieku, wykluczonych spo\u0142ecznie, dzieci i m\u0142odzie\u017cy.<\/li><\/ul>\n\n\n\n<ul><li>Us\u0142ug fryzjerskich, kosmetycznych. (Masa\u017c klasyczny I i II stopnia)<\/li><li>Zarz\u0105dzania i administrowania.<\/li><li>Sztuki, kultury, rzemios\u0142a artystycznego.<\/li><li>Kurs kucharski I i II stopnia.<\/li><li>Prac Sekretarskich i Biurowych.<\/li><li>Rachunkowo\u015bci, ksi\u0119gowo\u015bci, bankowo\u015bci, ubezpieczenia, analizy inwestycyjnej.<\/li><li>Szkolenia Florystyczne. (Bukieciarstwo, Tworzenie kompozycji w szkle, Wianki, Wi\u0105zanki, Kompozycje z mchu, Stroiki okoliczno\u015bciowe).<\/li><\/ul>\n<\/div>\n","protected":false},"excerpt":{"rendered":"<p>Posiadamy W\u0142asne i Wynajmowane Sale Wyk\u0142adowe i Pomieszczenia Warsztatowe. Prowadzimy Kursy i Szkolenia z: Profilaktyk\u0119 uzale\u017cnie\u0144 i terapi\u0119 zwi\u0105zane z u\u017cywaniem substancji psychoaktywnych, alkoholu, narkotyk\u00f3w i uzale\u017cnie\u0144 krzy\u017cowych. Szkolenia z zagadnie\u0144 problematyki os\u00f3b niepe\u0142nosprawnych, w podesz\u0142ym wieku, wykluczonych spo\u0142ecznie, dzieci i m\u0142odzie\u017cy. Us\u0142ug fryzjerskich, kosmetycznych. (Masa\u017c klasyczny I i II stopnia) Zarz\u0105dzania i administrowania. Sztuki, [&hellip;]<\/p>\n","protected":false},"author":1,"featured_media":0,"parent":0,"menu_order":0,"comment_status":"closed","ping_status":"closed","template":"","meta":{"ngg_post_thumbnail":0},"yoast_head":"<!-- This site is optimized with the Yoast SEO plugin v19.0 - https:\/\/yoast.com\/wordpress\/plugins\/seo\/ -->\n<title>O Nas - O\u015brodek Kszta\u0142cenia Plus<\/title>\n<meta name=\"robots\" content=\"index, follow, max-snippet:-1, max-image-preview:large, max-video-preview:-1\" \/>\n<link rel=\"canonical\" href=\"https:\/\/okplus.pl\/?page_id=148\" \/>\n<meta property=\"og:locale\" content=\"pl_PL\" \/>\n<meta property=\"og:type\" content=\"article\" \/>\n<meta property=\"og:title\" content=\"O Nas - O\u015brodek Kszta\u0142cenia Plus\" \/>\n<meta property=\"og:description\" content=\"Posiadamy W\u0142asne i Wynajmowane Sale Wyk\u0142adowe i Pomieszczenia Warsztatowe. Prowadzimy Kursy i Szkolenia z: Profilaktyk\u0119 uzale\u017cnie\u0144 i terapi\u0119 zwi\u0105zane z u\u017cywaniem substancji psychoaktywnych, alkoholu, narkotyk\u00f3w i uzale\u017cnie\u0144 krzy\u017cowych. Szkolenia z zagadnie\u0144 problematyki os\u00f3b niepe\u0142nosprawnych, w podesz\u0142ym wieku, wykluczonych spo\u0142ecznie, dzieci i m\u0142odzie\u017cy. Us\u0142ug fryzjerskich, kosmetycznych. (Masa\u017c klasyczny I i II stopnia) Zarz\u0105dzania i administrowania. Sztuki, [&hellip;]\" \/>\n<meta property=\"og:url\" content=\"https:\/\/okplus.pl\/?page_id=148\" \/>\n<meta property=\"og:site_name\" content=\"O\u015brodek Kszta\u0142cenia Plus\" \/>\n<meta property=\"article:modified_time\" content=\"2022-05-13T09:55:16+00:00\" \/>\n<meta name=\"twitter:card\" content=\"summary_large_image\" \/>\n<meta name=\"twitter:label1\" content=\"Szacowany czas czytania\" \/>\n\t<meta name=\"twitter:data1\" content=\"1 minuta\" \/>\n<script type=\"application\/ld+json\" class=\"yoast-schema-graph\">{\"@context\":\"https:\/\/schema.org\",\"@graph\":[{\"@type\":\"WebSite\",\"@id\":\"https:\/\/okplus.pl\/#website\",\"url\":\"https:\/\/okplus.pl\/\",\"name\":\"O\u015brodek Kszta\u0142cenia Plus\",\"description\":\"Fundacja Pomocy i Instytucja Szkoleniowa istniej\u0105c\u0105 od 2017 roku.\",\"potentialAction\":[{\"@type\":\"SearchAction\",\"target\":{\"@type\":\"EntryPoint\",\"urlTemplate\":\"https:\/\/okplus.pl\/?s={search_term_string}\"},\"query-input\":\"required name=search_term_string\"}],\"inLanguage\":\"pl-PL\"},{\"@type\":\"WebPage\",\"@id\":\"https:\/\/okplus.pl\/?page_id=148#webpage\",\"url\":\"https:\/\/okplus.pl\/?page_id=148\",\"name\":\"O Nas - O\u015brodek Kszta\u0142cenia Plus\",\"isPartOf\":{\"@id\":\"https:\/\/okplus.pl\/#website\"},\"datePublished\":\"2022-04-11T10:27:00+00:00\",\"dateModified\":\"2022-05-13T09:55:16+00:00\",\"breadcrumb\":{\"@id\":\"https:\/\/okplus.pl\/?page_id=148#breadcrumb\"},\"inLanguage\":\"pl-PL\",\"potentialAction\":[{\"@type\":\"ReadAction\",\"target\":[\"https:\/\/okplus.pl\/?page_id=148\"]}]},{\"@type\":\"BreadcrumbList\",\"@id\":\"https:\/\/okplus.pl\/?page_id=148#breadcrumb\",\"itemListElement\":[{\"@type\":\"ListItem\",\"position\":1,\"name\":\"Strona g\u0142\u00f3wna\",\"item\":\"https:\/\/okplus.pl\/\"},{\"@type\":\"ListItem\",\"position\":2,\"name\":\"O Nas\"}]}]}<\/script>\n<!-- \/ Yoast SEO plugin. -->","yoast_head_json":{"title":"O Nas - O\u015brodek Kszta\u0142cenia Plus","robots":{"index":"index","follow":"follow","max-snippet":"max-snippet:-1","max-image-preview":"max-image-preview:large","max-video-preview":"max-video-preview:-1"},"canonical":"https:\/\/okplus.pl\/?page_id=148","og_locale":"pl_PL","og_type":"article","og_title":"O Nas - O\u015brodek Kszta\u0142cenia Plus","og_description":"Posiadamy W\u0142asne i Wynajmowane Sale Wyk\u0142adowe i Pomieszczenia Warsztatowe. Prowadzimy Kursy i Szkolenia z: Profilaktyk\u0119 uzale\u017cnie\u0144 i terapi\u0119 zwi\u0105zane z u\u017cywaniem substancji psychoaktywnych, alkoholu, narkotyk\u00f3w i uzale\u017cnie\u0144 krzy\u017cowych. Szkolenia z zagadnie\u0144 problematyki os\u00f3b niepe\u0142nosprawnych, w podesz\u0142ym wieku, wykluczonych spo\u0142ecznie, dzieci i m\u0142odzie\u017cy. Us\u0142ug fryzjerskich, kosmetycznych. (Masa\u017c klasyczny I i II stopnia) Zarz\u0105dzania i administrowania. Sztuki, [&hellip;]","og_url":"https:\/\/okplus.pl\/?page_id=148","og_site_name":"O\u015brodek Kszta\u0142cenia Plus","article_modified_time":"2022-05-13T09:55:16+00:00","twitter_card":"summary_large_image","twitter_misc":{"Szacowany czas czytania":"1 minuta"},"schema":{"@context":"https:\/\/schema.org","@graph":[{"@type":"WebSite","@id":"https:\/\/okplus.pl\/#website","url":"https:\/\/okplus.pl\/","name":"O\u015brodek Kszta\u0142cenia Plus","description":"Fundacja Pomocy i Instytucja Szkoleniowa istniej\u0105c\u0105 od 2017 roku.","potentialAction":[{"@type":"SearchAction","target":{"@type":"EntryPoint","urlTemplate":"https:\/\/okplus.pl\/?s={search_term_string}"},"query-input":"required name=search_term_string"}],"inLanguage":"pl-PL"},{"@type":"WebPage","@id":"https:\/\/okplus.pl\/?page_id=148#webpage","url":"https:\/\/okplus.pl\/?page_id=148","name":"O Nas - O\u015brodek Kszta\u0142cenia Plus","isPartOf":{"@id":"https:\/\/okplus.pl\/#website"},"datePublished":"2022-04-11T10:27:00+00:00","dateModified":"2022-05-13T09:55:16+00:00","breadcrumb":{"@id":"https:\/\/okplus.pl\/?page_id=148#breadcrumb"},"inLanguage":"pl-PL","potentialAction":[{"@type":"ReadAction","target":["https:\/\/okplus.pl\/?page_id=148"]}]},{"@type":"BreadcrumbList","@id":"https:\/\/okplus.pl\/?page_id=148#breadcrumb","itemListElement":[{"@type":"ListItem","position":1,"name":"Strona g\u0142\u00f3wna","item":"https:\/\/okplus.pl\/"},{"@type":"ListItem","position":2,"name":"O Nas"}]}]}},"_links":{"self":[{"href":"https:\/\/okplus.pl\/index.php?rest_route=\/wp\/v2\/pages\/148"}],"collection":[{"href":"https:\/\/okplus.pl\/index.php?rest_route=\/wp\/v2\/pages"}],"about":[{"href":"https:\/\/okplus.pl\/index.php?rest_route=\/wp\/v2\/types\/page"}],"author":[{"embeddable":true,"href":"https:\/\/okplus.pl\/index.php?rest_route=\/wp\/v2\/users\/1"}],"replies":[{"embeddable":true,"href":"https:\/\/okplus.pl\/index.php?rest_route=%2Fwp%2Fv2%2Fcomments&post=148"}],"version-history":[{"count":13,"href":"https:\/\/okplus.pl\/index.php?rest_route=\/wp\/v2\/pages\/148\/revisions"}],"predecessor-version":[{"id":509,"href":"https:\/\/okplus.pl\/index.php?rest_route=\/wp\/v2\/pages\/148\/revisions\/509"}],"wp:attachment":[{"href":"https:\/\/okplus.pl\/index.php?rest_route=%2Fwp%2Fv2%2Fmedia&parent=148"}],"curies":[{"name":"wp","href":"https:\/\/api.w.org\/{rel}","templated":true}]}}