{"id":397,"date":"2022-04-26T09:10:50","date_gmt":"2022-04-26T09:10:50","guid":{"rendered":"https:\/\/okplus.pl\/?page_id=397"},"modified":"2022-05-31T09:23:20","modified_gmt":"2022-05-31T09:23:20","slug":"szkolenia","status":"publish","type":"page","link":"https:\/\/okplus.pl\/?page_id=397","title":{"rendered":"Szkolenia"},"content":{"rendered":"\n<h2 class=\"alignfull has-text-align-center has-vivid-green-cyan-background-color has-background has-x-large-font-size\"><strong>Organizujemy Szkolenia Typu:<\/strong><\/h2>\n\n\n\n<div class=\"wp-container-4 wp-block-columns alignfull\" style=\"border-radius:0px\">\n<div class=\"wp-container-1 wp-block-column has-light-green-cyan-background-color has-background\" style=\"flex-basis:33.34%\">\n<p class=\"has-text-align-center\"><strong>Komputerowe:<\/strong><\/p>\n\n\n\n<ul class=\"has-light-green-cyan-background-color has-background has-medium-font-size\"><li>Podstawy obs\u0142ugi komputera &#8211; wymiar 40 , 60 lub 80 godzin<\/li><li>Obs\u0142uga komputera &#8211; wymiar 100, 120 godzin<\/li><li>Technologie informacyjno- komunikacyjne ( TIK )<br>w rozwijaniu kompetencji zawodowych i spo\u0142ecznych &#8211; wymiar 32 godziny<\/li><li>Obywatel w cyfrowym \u015bwiecie &#8211; wymiar 40 godzin<\/li><\/ul>\n<\/div>\n\n\n\n<div class=\"wp-container-2 wp-block-column has-background-color has-text-color has-background\" style=\"background-color:#e9e9e9;flex-basis:33.34%\">\n<p class=\"has-text-align-center has-foreground-color has-text-color\"><strong>Przygotowania do Pracy:<\/strong><\/p>\n\n\n\n<ul class=\"has-foreground-color has-text-color has-background has-medium-font-size\" style=\"background-color:#e9e9e9\"><li>Pomoc kuchenna &#8211; wymiar 60, 80 godzin<\/li><li>Kucharz &#8211; wymiar 60, 80 godzin<\/li><li>Stylizacja paznokci &#8211; wymiar 20, 40 godzin<\/li><li>Pracownik administracyjno- biurowy &#8211; wymiar 40, 60, 80, 100 godzin<\/li><li>Masa\u017c klasyczny &#8211; wymiar 40, 60 godzin,<\/li><\/ul>\n<\/div>\n\n\n\n<div class=\"wp-container-3 wp-block-column has-pale-cyan-blue-background-color has-background\" style=\"flex-basis:33.33%\">\n<p class=\"has-text-align-center\"><strong>Florystyka:<\/strong><\/p>\n\n\n\n<ul class=\"has-pale-cyan-blue-background-color has-background has-medium-font-size\"><li>Florystyka &#8211; wymiar 40, 60, 80 godzin<\/li><li>Obrazy z mchu &#8211; wymiar 20 godzin,<\/li><\/ul>\n<\/div>\n<\/div>\n","protected":false},"excerpt":{"rendered":"<p>Organizujemy Szkolenia Typu: Komputerowe: Podstawy obs\u0142ugi komputera &#8211; wymiar 40 , 60 lub 80 godzin Obs\u0142uga komputera &#8211; wymiar 100, 120 godzin Technologie informacyjno- komunikacyjne ( TIK )w rozwijaniu kompetencji zawodowych i spo\u0142ecznych &#8211; wymiar 32 godziny Obywatel w cyfrowym \u015bwiecie &#8211; wymiar 40 godzin Przygotowania do Pracy: Pomoc kuchenna &#8211; wymiar 60, 80 godzin [&hellip;]<\/p>\n","protected":false},"author":1,"featured_media":0,"parent":0,"menu_order":0,"comment_status":"closed","ping_status":"closed","template":"","meta":{"ngg_post_thumbnail":0},"yoast_head":"<!-- This site is optimized with the Yoast SEO plugin v19.0 - https:\/\/yoast.com\/wordpress\/plugins\/seo\/ -->\n<title>Szkolenia - O\u015brodek Kszta\u0142cenia Plus<\/title>\n<meta name=\"robots\" content=\"index, follow, max-snippet:-1, max-image-preview:large, max-video-preview:-1\" \/>\n<link rel=\"canonical\" href=\"https:\/\/okplus.pl\/?page_id=397\" \/>\n<meta property=\"og:locale\" content=\"pl_PL\" \/>\n<meta property=\"og:type\" content=\"article\" \/>\n<meta property=\"og:title\" content=\"Szkolenia - O\u015brodek Kszta\u0142cenia Plus\" \/>\n<meta property=\"og:description\" content=\"Organizujemy Szkolenia Typu: Komputerowe: Podstawy obs\u0142ugi komputera &#8211; wymiar 40 , 60 lub 80 godzin Obs\u0142uga komputera &#8211; wymiar 100, 120 godzin Technologie informacyjno- komunikacyjne ( TIK )w rozwijaniu kompetencji zawodowych i spo\u0142ecznych &#8211; wymiar 32 godziny Obywatel w cyfrowym \u015bwiecie &#8211; wymiar 40 godzin Przygotowania do Pracy: Pomoc kuchenna &#8211; wymiar 60, 80 godzin [&hellip;]\" \/>\n<meta property=\"og:url\" content=\"https:\/\/okplus.pl\/?page_id=397\" \/>\n<meta property=\"og:site_name\" content=\"O\u015brodek Kszta\u0142cenia Plus\" \/>\n<meta property=\"article:modified_time\" content=\"2022-05-31T09:23:20+00:00\" \/>\n<meta name=\"twitter:card\" content=\"summary_large_image\" \/>\n<meta name=\"twitter:label1\" content=\"Szacowany czas czytania\" \/>\n\t<meta name=\"twitter:data1\" content=\"1 minuta\" \/>\n<script type=\"application\/ld+json\" class=\"yoast-schema-graph\">{\"@context\":\"https:\/\/schema.org\",\"@graph\":[{\"@type\":\"WebSite\",\"@id\":\"https:\/\/okplus.pl\/#website\",\"url\":\"https:\/\/okplus.pl\/\",\"name\":\"O\u015brodek Kszta\u0142cenia Plus\",\"description\":\"Fundacja Pomocy i Instytucja Szkoleniowa istniej\u0105c\u0105 od 2017 roku.\",\"potentialAction\":[{\"@type\":\"SearchAction\",\"target\":{\"@type\":\"EntryPoint\",\"urlTemplate\":\"https:\/\/okplus.pl\/?s={search_term_string}\"},\"query-input\":\"required name=search_term_string\"}],\"inLanguage\":\"pl-PL\"},{\"@type\":\"WebPage\",\"@id\":\"https:\/\/okplus.pl\/?page_id=397#webpage\",\"url\":\"https:\/\/okplus.pl\/?page_id=397\",\"name\":\"Szkolenia - O\u015brodek Kszta\u0142cenia Plus\",\"isPartOf\":{\"@id\":\"https:\/\/okplus.pl\/#website\"},\"datePublished\":\"2022-04-26T09:10:50+00:00\",\"dateModified\":\"2022-05-31T09:23:20+00:00\",\"breadcrumb\":{\"@id\":\"https:\/\/okplus.pl\/?page_id=397#breadcrumb\"},\"inLanguage\":\"pl-PL\",\"potentialAction\":[{\"@type\":\"ReadAction\",\"target\":[\"https:\/\/okplus.pl\/?page_id=397\"]}]},{\"@type\":\"BreadcrumbList\",\"@id\":\"https:\/\/okplus.pl\/?page_id=397#breadcrumb\",\"itemListElement\":[{\"@type\":\"ListItem\",\"position\":1,\"name\":\"Strona g\u0142\u00f3wna\",\"item\":\"https:\/\/okplus.pl\/\"},{\"@type\":\"ListItem\",\"position\":2,\"name\":\"Szkolenia\"}]}]}<\/script>\n<!-- \/ Yoast SEO plugin. -->","yoast_head_json":{"title":"Szkolenia - O\u015brodek Kszta\u0142cenia Plus","robots":{"index":"index","follow":"follow","max-snippet":"max-snippet:-1","max-image-preview":"max-image-preview:large","max-video-preview":"max-video-preview:-1"},"canonical":"https:\/\/okplus.pl\/?page_id=397","og_locale":"pl_PL","og_type":"article","og_title":"Szkolenia - O\u015brodek Kszta\u0142cenia Plus","og_description":"Organizujemy Szkolenia Typu: Komputerowe: Podstawy obs\u0142ugi komputera &#8211; wymiar 40 , 60 lub 80 godzin Obs\u0142uga komputera &#8211; wymiar 100, 120 godzin Technologie informacyjno- komunikacyjne ( TIK )w rozwijaniu kompetencji zawodowych i spo\u0142ecznych &#8211; wymiar 32 godziny Obywatel w cyfrowym \u015bwiecie &#8211; wymiar 40 godzin Przygotowania do Pracy: Pomoc kuchenna &#8211; wymiar 60, 80 godzin [&hellip;]","og_url":"https:\/\/okplus.pl\/?page_id=397","og_site_name":"O\u015brodek Kszta\u0142cenia Plus","article_modified_time":"2022-05-31T09:23:20+00:00","twitter_card":"summary_large_image","twitter_misc":{"Szacowany czas czytania":"1 minuta"},"schema":{"@context":"https:\/\/schema.org","@graph":[{"@type":"WebSite","@id":"https:\/\/okplus.pl\/#website","url":"https:\/\/okplus.pl\/","name":"O\u015brodek Kszta\u0142cenia Plus","description":"Fundacja Pomocy i Instytucja Szkoleniowa istniej\u0105c\u0105 od 2017 roku.","potentialAction":[{"@type":"SearchAction","target":{"@type":"EntryPoint","urlTemplate":"https:\/\/okplus.pl\/?s={search_term_string}"},"query-input":"required name=search_term_string"}],"inLanguage":"pl-PL"},{"@type":"WebPage","@id":"https:\/\/okplus.pl\/?page_id=397#webpage","url":"https:\/\/okplus.pl\/?page_id=397","name":"Szkolenia - O\u015brodek Kszta\u0142cenia Plus","isPartOf":{"@id":"https:\/\/okplus.pl\/#website"},"datePublished":"2022-04-26T09:10:50+00:00","dateModified":"2022-05-31T09:23:20+00:00","breadcrumb":{"@id":"https:\/\/okplus.pl\/?page_id=397#breadcrumb"},"inLanguage":"pl-PL","potentialAction":[{"@type":"ReadAction","target":["https:\/\/okplus.pl\/?page_id=397"]}]},{"@type":"BreadcrumbList","@id":"https:\/\/okplus.pl\/?page_id=397#breadcrumb","itemListElement":[{"@type":"ListItem","position":1,"name":"Strona g\u0142\u00f3wna","item":"https:\/\/okplus.pl\/"},{"@type":"ListItem","position":2,"name":"Szkolenia"}]}]}},"_links":{"self":[{"href":"https:\/\/okplus.pl\/index.php?rest_route=\/wp\/v2\/pages\/397"}],"collection":[{"href":"https:\/\/okplus.pl\/index.php?rest_route=\/wp\/v2\/pages"}],"about":[{"href":"https:\/\/okplus.pl\/index.php?rest_route=\/wp\/v2\/types\/page"}],"author":[{"embeddable":true,"href":"https:\/\/okplus.pl\/index.php?rest_route=\/wp\/v2\/users\/1"}],"replies":[{"embeddable":true,"href":"https:\/\/okplus.pl\/index.php?rest_route=%2Fwp%2Fv2%2Fcomments&post=397"}],"version-history":[{"count":7,"href":"https:\/\/okplus.pl\/index.php?rest_route=\/wp\/v2\/pages\/397\/revisions"}],"predecessor-version":[{"id":571,"href":"https:\/\/okplus.pl\/index.php?rest_route=\/wp\/v2\/pages\/397\/revisions\/571"}],"wp:attachment":[{"href":"https:\/\/okplus.pl\/index.php?rest_route=%2Fwp%2Fv2%2Fmedia&parent=397"}],"curies":[{"name":"wp","href":"https:\/\/api.w.org\/{rel}","templated":true}]}}