{"id":579,"date":"2025-09-02T08:37:31","date_gmt":"2025-09-02T08:37:31","guid":{"rendered":"https:\/\/okplus.pl\/?page_id=579"},"modified":"2025-09-02T09:11:36","modified_gmt":"2025-09-02T09:11:36","slug":"aoon-2025","status":"publish","type":"page","link":"https:\/\/okplus.pl\/?page_id=579","title":{"rendered":"Asystent Osobisty Osoby Niepe\u0142nosprawnej &#8211; edycja 2025"},"content":{"rendered":"\t\t<div data-elementor-type=\"wp-page\" data-elementor-id=\"579\" class=\"elementor elementor-579\">\n\t\t\t\t\t\t\t\t\t<section class=\"elementor-section elementor-top-section elementor-element elementor-element-11dac252 elementor-section-boxed elementor-section-height-default elementor-section-height-default\" data-id=\"11dac252\" data-element_type=\"section\">\n\t\t\t\t\t\t<div class=\"elementor-container elementor-column-gap-default\">\n\t\t\t\t\t<div class=\"elementor-column elementor-col-100 elementor-top-column elementor-element elementor-element-2b44734f\" data-id=\"2b44734f\" data-element_type=\"column\">\n\t\t\t<div class=\"elementor-widget-wrap elementor-element-populated\">\n\t\t\t\t\t\t\t\t<div class=\"elementor-element elementor-element-53499a21 elementor-widget elementor-widget-text-editor\" data-id=\"53499a21\" data-element_type=\"widget\" data-widget_type=\"text-editor.default\">\n\t\t\t\t<div class=\"elementor-widget-container\">\n\t\t\t<style>\/*! elementor - v3.6.6 - 08-06-2022 *\/\n.elementor-widget-text-editor.elementor-drop-cap-view-stacked .elementor-drop-cap{background-color:#818a91;color:#fff}.elementor-widget-text-editor.elementor-drop-cap-view-framed .elementor-drop-cap{color:#818a91;border:3px solid;background-color:transparent}.elementor-widget-text-editor:not(.elementor-drop-cap-view-default) .elementor-drop-cap{margin-top:8px}.elementor-widget-text-editor:not(.elementor-drop-cap-view-default) .elementor-drop-cap-letter{width:1em;height:1em}.elementor-widget-text-editor .elementor-drop-cap{float:left;text-align:center;line-height:1;font-size:50px}.elementor-widget-text-editor .elementor-drop-cap-letter{display:inline-block}<\/style>\t\t\t\t<!-- wp:paragraph -->\n<p><strong>Asystent osobisty osoby z niepe\u0142nosprawno\u015bciami<\/strong> &#8211; edycja 2025<\/p>\n<!-- \/wp:paragraph -->\t\t\t\t\t\t<\/div>\n\t\t\t\t<\/div>\n\t\t\t\t\t<\/div>\n\t\t<\/div>\n\t\t\t\t\t\t\t<\/div>\n\t\t<\/section>\n\t\t\t\t<section class=\"elementor-section elementor-top-section elementor-element elementor-element-bbb5193 elementor-section-boxed elementor-section-height-default elementor-section-height-default\" data-id=\"bbb5193\" data-element_type=\"section\">\n\t\t\t\t\t\t<div class=\"elementor-container elementor-column-gap-default\">\n\t\t\t\t\t<div class=\"elementor-column elementor-col-100 elementor-top-column elementor-element elementor-element-7664bb5\" data-id=\"7664bb5\" data-element_type=\"column\">\n\t\t\t<div class=\"elementor-widget-wrap elementor-element-populated\">\n\t\t\t\t\t\t\t\t<div class=\"elementor-element elementor-element-e40b4a7 elementor-widget elementor-widget-image\" data-id=\"e40b4a7\" data-element_type=\"widget\" data-widget_type=\"image.default\">\n\t\t\t\t<div class=\"elementor-widget-container\">\n\t\t\t<style>\/*! elementor - v3.6.6 - 08-06-2022 *\/\n.elementor-widget-image{text-align:center}.elementor-widget-image a{display:inline-block}.elementor-widget-image a img[src$=\".svg\"]{width:48px}.elementor-widget-image img{vertical-align:middle;display:inline-block}<\/style>\t\t\t\t\t\t\t\t\t\t\t\t<img width=\"724\" height=\"1024\" src=\"https:\/\/okplus.pl\/wp-content\/uploads\/2025\/09\/AOON-PLUS-PLAKAT-724x1024.png\" class=\"attachment-large size-large\" alt=\"\" loading=\"lazy\" srcset=\"https:\/\/okplus.pl\/wp-content\/uploads\/2025\/09\/AOON-PLUS-PLAKAT-724x1024.png 724w, https:\/\/okplus.pl\/wp-content\/uploads\/2025\/09\/AOON-PLUS-PLAKAT-212x300.png 212w, https:\/\/okplus.pl\/wp-content\/uploads\/2025\/09\/AOON-PLUS-PLAKAT-768x1086.png 768w, https:\/\/okplus.pl\/wp-content\/uploads\/2025\/09\/AOON-PLUS-PLAKAT-1086x1536.png 1086w, https:\/\/okplus.pl\/wp-content\/uploads\/2025\/09\/AOON-PLUS-PLAKAT.png 1414w\" sizes=\"(max-width: 724px) 100vw, 724px\" \/>\t\t\t\t\t\t\t\t\t\t\t\t\t\t\t<\/div>\n\t\t\t\t<\/div>\n\t\t\t\t\t<\/div>\n\t\t<\/div>\n\t\t\t\t\t\t\t<\/div>\n\t\t<\/section>\n\t\t\t\t<section class=\"elementor-section elementor-top-section elementor-element elementor-element-00d8eed elementor-section-boxed elementor-section-height-default elementor-section-height-default\" data-id=\"00d8eed\" data-element_type=\"section\">\n\t\t\t\t\t\t<div class=\"elementor-container elementor-column-gap-default\">\n\t\t\t\t\t<div class=\"elementor-column elementor-col-100 elementor-top-column elementor-element elementor-element-37ef7b4\" data-id=\"37ef7b4\" data-element_type=\"column\">\n\t\t\t<div class=\"elementor-widget-wrap elementor-element-populated\">\n\t\t\t\t\t\t\t\t<div class=\"elementor-element elementor-element-cf11dae elementor-widget elementor-widget-text-editor\" data-id=\"cf11dae\" data-element_type=\"widget\" data-widget_type=\"text-editor.default\">\n\t\t\t\t<div class=\"elementor-widget-container\">\n\t\t\t\t\t\t\t<p class=\"has-text-align-center\" style=\"margin: 0cm; font-size: medium; font-family: 'Times New Roman', serif; caret-color: #000000; color: #000000; vertical-align: baseline;\" align=\"center\"><strong><span style=\"font-size: 10.5pt; font-family: 'Open Sans', sans-serif; border: 1pt windowtext; padding: 0cm;\">Realizacja Zadania zleconego przez Ministra Rodziny\u00a0i Polityki Spo\u0142ecznej<\/span><\/strong><b><span style=\"font-size: 10.5pt; font-family: 'Open Sans', sans-serif; border: 1pt windowtext; padding: 0cm;\"><br \/><strong>\u201eAsystent Osobisty Osoby z Niepe\u0142nosprawno\u015bciami\u201d dla Organizacji Pozarz\u0105dowych \u2013 Edycja 2025\u201d<\/strong><\/span><\/b><\/p>\n<p class=\"has-text-align-center\" style=\"margin: 0cm; font-size: medium; font-family: 'Times New Roman', serif; color: #000000; vertical-align: baseline; outline: 0px; caret-color: #666666;\" align=\"center\"><strong style=\"outline: 0px;\"><span style=\"font-size: 10.5pt; font-family: 'Open Sans', sans-serif; border: 1pt windowtext; padding: 0cm;\">Od 0<\/span><\/strong><strong><span style=\"font-size: 10.5pt; font-family: 'Open Sans', sans-serif; border: 1pt windowtext; padding: 0cm;\">1.01.25<\/span><\/strong><strong><span style=\"font-size: 10.5pt; font-family: 'Open Sans', sans-serif; border: 1pt windowtext; padding: 0cm;\">\u00a0do\u00a0\u00a0<\/span><\/strong><strong><span style=\"font-size: 10.5pt; font-family: 'Open Sans', sans-serif; border: 1pt windowtext; padding: 0cm;\">pa\u017adziernika\u00a0<\/span><\/strong><strong><span style=\"font-size: 10.5pt; font-family: 'Open Sans', sans-serif; border: 1pt windowtext; padding: 0cm;\">2025\u00a0<\/span><\/strong><strong><span style=\"font-size: 10.5pt; font-family: 'Open Sans', sans-serif; border: 1pt windowtext; padding: 0cm;\">(lub do wyczerpania miejsc)\u00a0<\/span><\/strong><strong><span style=\"font-size: 10.5pt; font-family: 'Open Sans', sans-serif; border: 1pt windowtext; padding: 0cm;\">b\u0119dzie trwa\u0142 nab\u00f3r os\u00f3b\u00a0niepe\u0142nosprawnych\/beneficjent\u00f3w\u00a0\u00a0do projektu \u201eAsystent Osobisty Osoby z Niepe\u0142nosprawno\u015bciami\u201d dla Organizacji Pozarz\u0105dowych \u2013 Edycja 2025\u201d<\/span><\/strong><span style=\"font-size: 10.5pt; font-family: 'Open Sans', sans-serif;\">.<\/span><\/p>\n<p class=\"has-text-align-left\" style=\"margin: 0cm; font-size: medium; font-family: 'Times New Roman', serif; color: #000000; vertical-align: baseline; outline: 0px; caret-color: #666666;\"><span style=\"font-size: 10.5pt; font-family: 'Open Sans', sans-serif;\">Fundacja O\u015brodek Edukacji Partner na zlecenie Ministra Rodziny i Polityki Spo\u0142ecznej realizuje zadanie publiczne<\/span><\/p>\n<p class=\"has-text-align-center\" style=\"margin: 0cm; font-size: medium; font-family: 'Times New Roman', serif; color: #000000; vertical-align: baseline; outline: 0px; caret-color: #666666;\" align=\"center\"><strong style=\"outline: 0px;\"><span style=\"font-size: 14.5pt; font-family: 'Open Sans', sans-serif; border: 1pt windowtext; padding: 0cm;\">\u201eAsystent osobisty osoby z niepe\u0142nosprawno\u015bciami\u201d dla Organizacji Pozarz\u0105dowych\u00a0\u00a0\u2013 edycja 2025\u201d<\/span><\/strong><span style=\"font-size: 14.5pt; font-family: 'Open Sans', sans-serif;\">.<\/span><\/p>\n<p class=\"has-text-align-left\" style=\"margin: 0cm; font-size: medium; font-family: 'Times New Roman', serif; color: #000000; vertical-align: baseline; outline: 0px; caret-color: #666666;\"><span style=\"font-size: 10.5pt; font-family: 'Open Sans', sans-serif;\">Program dofinansowany jest ze \u015brodk\u00f3w Funduszu Solidarno\u015bciowego<br \/>Kwota dofinansowania:<span class=\"apple-converted-space\">\u00a0<\/span><\/span><strong style=\"outline: 0px;\"><span style=\"font-size: 10.5pt; font-family: 'Open Sans', sans-serif; border: 1pt windowtext; padding: 0cm;\">1\u00a0727\u00a0404,00<\/span><\/strong><strong><span style=\"font-size: 10.5pt; font-family: 'Open Sans', sans-serif; border: 1pt windowtext; padding: 0cm;\">\u00a0z\u0142.<\/span><\/strong><span style=\"font-size: 10.5pt; font-family: 'Open Sans', sans-serif;\"><br \/>Ca\u0142kowita warto\u015b\u0107:<span class=\"apple-converted-space\">\u00a0<\/span><\/span><strong style=\"outline: 0px;\"><span style=\"font-size: 10.5pt; font-family: 'Open Sans', sans-serif; border: 1pt windowtext; padding: 0cm;\">1\u00a0781\u00a0654,00<\/span><\/strong><strong><span style=\"font-size: 10.5pt; font-family: 'Open Sans', sans-serif; border: 1pt windowtext; padding: 0cm;\">\u00a0z\u0142.<\/span><\/strong><\/p>\n<p class=\"has-text-align-center\" style=\"margin: 0cm; font-size: medium; font-family: 'Times New Roman', serif; color: #000000; vertical-align: baseline; outline: 0px; caret-color: #666666;\" align=\"center\"><strong style=\"outline: 0px;\"><span style=\"font-size: 10.5pt; font-family: 'Open Sans', sans-serif; border: 1pt windowtext; padding: 0cm;\">G\u0141\u00d3WNYM CELEM PROGRAMU JEST WPROWADZENIE US\u0141UGI ASYSTENTA JAKO FORMY OG\u00d3LNODOST\u0118PNEGO WSPARCIA<\/span><\/strong><span style=\"font-size: 10.5pt; font-family: 'Open Sans', sans-serif;\">.<\/span><\/p>\n<p class=\"has-text-align-left\" style=\"margin: 0cm; font-size: medium; font-family: 'Times New Roman', serif; color: #000000; vertical-align: baseline; outline: 0px; caret-color: #666666;\"><span style=\"font-size: 10.5pt; font-family: 'Open Sans', sans-serif;\">Adresatami programu s\u0105:<\/span><\/p>\n<p class=\"has-text-align-left\" style=\"margin: 0cm; font-size: medium; font-family: 'Times New Roman', serif; color: #000000; vertical-align: baseline; outline: 0px; caret-color: #666666;\"><strong style=\"outline: 0px;\"><span style=\"font-size: 10.5pt; font-family: 'Open Sans', sans-serif; border: 1pt windowtext; padding: 0cm;\">Dzieci od 2 do 16 roku \u017cycia<\/span><\/strong><span style=\"font-size: 10.5pt; font-family: 'Open Sans', sans-serif;\">\u00a0z orzeczeniem o niepe\u0142nosprawno\u015bci \u0142\u0105cznie ze wskazaniami: konieczno\u015bci sta\u0142ej lub d\u0142ugotrwa\u0142ej opieki lub pomocy innej osoby w zwi\u0105zku ze znacznie ograniczon\u0105 mo\u017cliwo\u015bci\u0105 samodzielnej egzystencji oraz konieczno\u015bci sta\u0142ego wsp\u00f3\u0142udzia\u0142u na co dzie\u0144 opiekuna dziecka w procesie jego leczenia, rehabilitacji i edukacji.<\/span><\/p>\n<p class=\"has-text-align-left\" style=\"margin: 0cm; font-size: medium; font-family: 'Times New Roman', serif; color: #000000; vertical-align: baseline; outline: 0px; caret-color: #666666;\"><strong style=\"outline: 0px;\"><span style=\"font-size: 10.5pt; font-family: 'Open Sans', sans-serif; border: 1pt windowtext; padding: 0cm;\">Osoby Niepe\u0142nosprawne<\/span><\/strong><span style=\"font-size: 10.5pt; font-family: 'Open Sans', sans-serif;\">\u00a0posiadaj\u0105ce orzeczenie: o znacznym stopniu niepe\u0142nosprawno\u015bci albo umiarkowanym stopniu niepe\u0142nosprawno\u015bci albo traktowane na r\u00f3wni do wy\u017cej wymienionych, zgodnie z art. 5 i art. 62 ustawy z dnia 27 sierpnia 1997 r. o rehabilitacji zawodowej i spo\u0142ecznej oraz zatrudnianiu os\u00f3b niepe\u0142nosprawnych (t.j.Dz.U z 2023 r. poz. 100 z po\u017an. zm.), kt\u00f3re wymagaj\u0105 us\u0142ugi asystenta w wykonywaniu codziennych czynno\u015bci oraz funkcjonowaniu w \u017cyciu spo\u0142ecznym.<\/span><\/p>\n<p class=\"has-text-align-center\" style=\"margin-right: 0cm; margin-left: 0cm; font-size: medium; font-family: 'Times New Roman', serif; color: #000000; vertical-align: baseline; outline: 0px; caret-color: #666666;\" align=\"center\"><strong style=\"outline: 0px;\"><span style=\"font-size: 10.5pt; font-family: 'Open Sans', sans-serif; border: 1pt windowtext; padding: 0cm;\">Zak\u0142adane cele Projektu<\/span><\/strong><span style=\"font-size: 10.5pt; font-family: 'Open Sans', sans-serif;\"><br \/>Wprowadzenie us\u0142ugi asystencji osobistej dla min. 49 podopiecznych, jako formy og\u00f3lnodost\u0119pnego wsparcia w wykonywaniu codziennych czynno\u015bci oraz funkcjonowaniu w \u017cyciu spo\u0142ecznym na terenie:<br \/><strong style=\"outline: 0px;\"><span style=\"border: 1pt windowtext; padding: 0cm;\">\u00a0<\/span><\/strong><\/span><strong><span style=\"font-size: 10.5pt; font-family: 'Open Sans', sans-serif; border: 1pt windowtext; padding: 0cm;\">Gmina: Sosnowiec; Powiat: Sosnowiec; Wojew\u00f3dztwo: \u015bl\u0105skie; Gmina: Siemianowice \u015al\u0105skie; Powiat: Siemianowice \u015al\u0105skie; Wojew\u00f3dztwo: \u015bl\u0105skie; Gmina: Chorz\u00f3w; Powiat: Chorz\u00f3w; Wojew\u00f3dztwo: \u015bl\u0105skie; Gmina: Katowice; Powiat: Katowice; Wojew\u00f3dztwo: \u015bl\u0105skie<\/span><\/strong><b><\/b><\/p>\n<p class=\"MsoNormal\" style=\"margin: 0cm 0cm 8pt; line-height: 18.4px; font-size: medium; font-family: Aptos, sans-serif; caret-color: #000000; color: #000000;\">\u00a0<\/p>\t\t\t\t\t\t<\/div>\n\t\t\t\t<\/div>\n\t\t\t\t\t<\/div>\n\t\t<\/div>\n\t\t\t\t\t\t\t<\/div>\n\t\t<\/section>\n\t\t\t\t<section class=\"elementor-section elementor-top-section elementor-element elementor-element-551aee5 elementor-section-boxed elementor-section-height-default elementor-section-height-default\" data-id=\"551aee5\" data-element_type=\"section\">\n\t\t\t\t\t\t<div class=\"elementor-container elementor-column-gap-default\">\n\t\t\t\t\t<div class=\"elementor-column elementor-col-100 elementor-top-column elementor-element elementor-element-27919cb\" data-id=\"27919cb\" data-element_type=\"column\">\n\t\t\t<div class=\"elementor-widget-wrap elementor-element-populated\">\n\t\t\t\t\t\t\t\t<div class=\"elementor-element elementor-element-26b1cb0 elementor-widget elementor-widget-image\" data-id=\"26b1cb0\" data-element_type=\"widget\" data-widget_type=\"image.default\">\n\t\t\t\t<div class=\"elementor-widget-container\">\n\t\t\t\t\t\t\t\t\t\t\t\t\t\t\t<img width=\"1024\" height=\"110\" src=\"https:\/\/okplus.pl\/wp-content\/uploads\/2025\/09\/Zrzut-ekranu-2025-09-2-o-09.57.56-1024x110.png\" class=\"attachment-large size-large\" alt=\"\" loading=\"lazy\" srcset=\"https:\/\/okplus.pl\/wp-content\/uploads\/2025\/09\/Zrzut-ekranu-2025-09-2-o-09.57.56-1024x110.png 1024w, https:\/\/okplus.pl\/wp-content\/uploads\/2025\/09\/Zrzut-ekranu-2025-09-2-o-09.57.56-300x32.png 300w, https:\/\/okplus.pl\/wp-content\/uploads\/2025\/09\/Zrzut-ekranu-2025-09-2-o-09.57.56-768x83.png 768w, https:\/\/okplus.pl\/wp-content\/uploads\/2025\/09\/Zrzut-ekranu-2025-09-2-o-09.57.56-1536x165.png 1536w, https:\/\/okplus.pl\/wp-content\/uploads\/2025\/09\/Zrzut-ekranu-2025-09-2-o-09.57.56-2048x220.png 2048w\" sizes=\"(max-width: 1024px) 100vw, 1024px\" \/>\t\t\t\t\t\t\t\t\t\t\t\t\t\t\t<\/div>\n\t\t\t\t<\/div>\n\t\t\t\t\t<\/div>\n\t\t<\/div>\n\t\t\t\t\t\t\t<\/div>\n\t\t<\/section>\n\t\t\t\t\t\t\t<\/div>\n\t\t","protected":false},"excerpt":{"rendered":"<p>Asystent osobisty osoby z niepe\u0142nosprawno\u015bciami &#8211; edycja 2025 Realizacja Zadania zleconego przez Ministra Rodziny\u00a0i Polityki Spo\u0142ecznej\u201eAsystent Osobisty Osoby z Niepe\u0142nosprawno\u015bciami\u201d dla Organizacji Pozarz\u0105dowych \u2013 Edycja 2025\u201d Od 01.01.25\u00a0do\u00a0\u00a0pa\u017adziernika\u00a02025\u00a0(lub do wyczerpania miejsc)\u00a0b\u0119dzie trwa\u0142 nab\u00f3r os\u00f3b\u00a0niepe\u0142nosprawnych\/beneficjent\u00f3w\u00a0\u00a0do projektu \u201eAsystent Osobisty Osoby z Niepe\u0142nosprawno\u015bciami\u201d dla Organizacji Pozarz\u0105dowych \u2013 Edycja 2025\u201d. Fundacja O\u015brodek Edukacji Partner na zlecenie Ministra Rodziny i [&hellip;]<\/p>\n","protected":false},"author":1,"featured_media":0,"parent":0,"menu_order":0,"comment_status":"closed","ping_status":"closed","template":"","meta":{"ngg_post_thumbnail":0},"yoast_head":"<!-- This site is optimized with the Yoast SEO plugin v19.0 - https:\/\/yoast.com\/wordpress\/plugins\/seo\/ -->\n<title>Asystent Osobisty Osoby Niepe\u0142nosprawnej - edycja 2025 - O\u015brodek Kszta\u0142cenia Plus<\/title>\n<meta name=\"robots\" content=\"index, follow, max-snippet:-1, max-image-preview:large, max-video-preview:-1\" \/>\n<link rel=\"canonical\" href=\"https:\/\/okplus.pl\/?page_id=579\" \/>\n<meta property=\"og:locale\" content=\"pl_PL\" \/>\n<meta property=\"og:type\" content=\"article\" \/>\n<meta property=\"og:title\" content=\"Asystent Osobisty Osoby Niepe\u0142nosprawnej - edycja 2025 - O\u015brodek Kszta\u0142cenia Plus\" \/>\n<meta property=\"og:description\" content=\"Asystent osobisty osoby z niepe\u0142nosprawno\u015bciami &#8211; edycja 2025 Realizacja Zadania zleconego przez Ministra Rodziny\u00a0i Polityki Spo\u0142ecznej\u201eAsystent Osobisty Osoby z Niepe\u0142nosprawno\u015bciami\u201d dla Organizacji Pozarz\u0105dowych \u2013 Edycja 2025\u201d Od 01.01.25\u00a0do\u00a0\u00a0pa\u017adziernika\u00a02025\u00a0(lub do wyczerpania miejsc)\u00a0b\u0119dzie trwa\u0142 nab\u00f3r os\u00f3b\u00a0niepe\u0142nosprawnych\/beneficjent\u00f3w\u00a0\u00a0do projektu \u201eAsystent Osobisty Osoby z Niepe\u0142nosprawno\u015bciami\u201d dla Organizacji Pozarz\u0105dowych \u2013 Edycja 2025\u201d. Fundacja O\u015brodek Edukacji Partner na zlecenie Ministra Rodziny i [&hellip;]\" \/>\n<meta property=\"og:url\" content=\"https:\/\/okplus.pl\/?page_id=579\" \/>\n<meta property=\"og:site_name\" content=\"O\u015brodek Kszta\u0142cenia Plus\" \/>\n<meta property=\"article:modified_time\" content=\"2025-09-02T09:11:36+00:00\" \/>\n<meta property=\"og:image\" content=\"https:\/\/okplus.pl\/wp-content\/uploads\/2025\/09\/AOON-PLUS-PLAKAT-724x1024.png\" \/>\n<meta name=\"twitter:card\" content=\"summary_large_image\" \/>\n<meta name=\"twitter:label1\" content=\"Szacowany czas czytania\" \/>\n\t<meta name=\"twitter:data1\" content=\"3 minuty\" \/>\n<script type=\"application\/ld+json\" class=\"yoast-schema-graph\">{\"@context\":\"https:\/\/schema.org\",\"@graph\":[{\"@type\":\"WebSite\",\"@id\":\"https:\/\/okplus.pl\/#website\",\"url\":\"https:\/\/okplus.pl\/\",\"name\":\"O\u015brodek Kszta\u0142cenia Plus\",\"description\":\"Fundacja Pomocy i Instytucja Szkoleniowa istniej\u0105c\u0105 od 2017 roku.\",\"potentialAction\":[{\"@type\":\"SearchAction\",\"target\":{\"@type\":\"EntryPoint\",\"urlTemplate\":\"https:\/\/okplus.pl\/?s={search_term_string}\"},\"query-input\":\"required name=search_term_string\"}],\"inLanguage\":\"pl-PL\"},{\"@type\":\"ImageObject\",\"inLanguage\":\"pl-PL\",\"@id\":\"https:\/\/okplus.pl\/?page_id=579#primaryimage\",\"url\":\"https:\/\/okplus.pl\/wp-content\/uploads\/2025\/09\/AOON-PLUS-PLAKAT.png\",\"contentUrl\":\"https:\/\/okplus.pl\/wp-content\/uploads\/2025\/09\/AOON-PLUS-PLAKAT.png\",\"width\":1414,\"height\":2000},{\"@type\":\"WebPage\",\"@id\":\"https:\/\/okplus.pl\/?page_id=579#webpage\",\"url\":\"https:\/\/okplus.pl\/?page_id=579\",\"name\":\"Asystent Osobisty Osoby Niepe\u0142nosprawnej - edycja 2025 - O\u015brodek Kszta\u0142cenia Plus\",\"isPartOf\":{\"@id\":\"https:\/\/okplus.pl\/#website\"},\"primaryImageOfPage\":{\"@id\":\"https:\/\/okplus.pl\/?page_id=579#primaryimage\"},\"datePublished\":\"2025-09-02T08:37:31+00:00\",\"dateModified\":\"2025-09-02T09:11:36+00:00\",\"breadcrumb\":{\"@id\":\"https:\/\/okplus.pl\/?page_id=579#breadcrumb\"},\"inLanguage\":\"pl-PL\",\"potentialAction\":[{\"@type\":\"ReadAction\",\"target\":[\"https:\/\/okplus.pl\/?page_id=579\"]}]},{\"@type\":\"BreadcrumbList\",\"@id\":\"https:\/\/okplus.pl\/?page_id=579#breadcrumb\",\"itemListElement\":[{\"@type\":\"ListItem\",\"position\":1,\"name\":\"Strona g\u0142\u00f3wna\",\"item\":\"https:\/\/okplus.pl\/\"},{\"@type\":\"ListItem\",\"position\":2,\"name\":\"Asystent Osobisty Osoby Niepe\u0142nosprawnej &#8211; edycja 2025\"}]}]}<\/script>\n<!-- \/ Yoast SEO plugin. -->","yoast_head_json":{"title":"Asystent Osobisty Osoby Niepe\u0142nosprawnej - edycja 2025 - O\u015brodek Kszta\u0142cenia Plus","robots":{"index":"index","follow":"follow","max-snippet":"max-snippet:-1","max-image-preview":"max-image-preview:large","max-video-preview":"max-video-preview:-1"},"canonical":"https:\/\/okplus.pl\/?page_id=579","og_locale":"pl_PL","og_type":"article","og_title":"Asystent Osobisty Osoby Niepe\u0142nosprawnej - edycja 2025 - O\u015brodek Kszta\u0142cenia Plus","og_description":"Asystent osobisty osoby z niepe\u0142nosprawno\u015bciami &#8211; edycja 2025 Realizacja Zadania zleconego przez Ministra Rodziny\u00a0i Polityki Spo\u0142ecznej\u201eAsystent Osobisty Osoby z Niepe\u0142nosprawno\u015bciami\u201d dla Organizacji Pozarz\u0105dowych \u2013 Edycja 2025\u201d Od 01.01.25\u00a0do\u00a0\u00a0pa\u017adziernika\u00a02025\u00a0(lub do wyczerpania miejsc)\u00a0b\u0119dzie trwa\u0142 nab\u00f3r os\u00f3b\u00a0niepe\u0142nosprawnych\/beneficjent\u00f3w\u00a0\u00a0do projektu \u201eAsystent Osobisty Osoby z Niepe\u0142nosprawno\u015bciami\u201d dla Organizacji Pozarz\u0105dowych \u2013 Edycja 2025\u201d. Fundacja O\u015brodek Edukacji Partner na zlecenie Ministra Rodziny i [&hellip;]","og_url":"https:\/\/okplus.pl\/?page_id=579","og_site_name":"O\u015brodek Kszta\u0142cenia Plus","article_modified_time":"2025-09-02T09:11:36+00:00","og_image":[{"url":"https:\/\/okplus.pl\/wp-content\/uploads\/2025\/09\/AOON-PLUS-PLAKAT-724x1024.png"}],"twitter_card":"summary_large_image","twitter_misc":{"Szacowany czas czytania":"3 minuty"},"schema":{"@context":"https:\/\/schema.org","@graph":[{"@type":"WebSite","@id":"https:\/\/okplus.pl\/#website","url":"https:\/\/okplus.pl\/","name":"O\u015brodek Kszta\u0142cenia Plus","description":"Fundacja Pomocy i Instytucja Szkoleniowa istniej\u0105c\u0105 od 2017 roku.","potentialAction":[{"@type":"SearchAction","target":{"@type":"EntryPoint","urlTemplate":"https:\/\/okplus.pl\/?s={search_term_string}"},"query-input":"required name=search_term_string"}],"inLanguage":"pl-PL"},{"@type":"ImageObject","inLanguage":"pl-PL","@id":"https:\/\/okplus.pl\/?page_id=579#primaryimage","url":"https:\/\/okplus.pl\/wp-content\/uploads\/2025\/09\/AOON-PLUS-PLAKAT.png","contentUrl":"https:\/\/okplus.pl\/wp-content\/uploads\/2025\/09\/AOON-PLUS-PLAKAT.png","width":1414,"height":2000},{"@type":"WebPage","@id":"https:\/\/okplus.pl\/?page_id=579#webpage","url":"https:\/\/okplus.pl\/?page_id=579","name":"Asystent Osobisty Osoby Niepe\u0142nosprawnej - edycja 2025 - O\u015brodek Kszta\u0142cenia Plus","isPartOf":{"@id":"https:\/\/okplus.pl\/#website"},"primaryImageOfPage":{"@id":"https:\/\/okplus.pl\/?page_id=579#primaryimage"},"datePublished":"2025-09-02T08:37:31+00:00","dateModified":"2025-09-02T09:11:36+00:00","breadcrumb":{"@id":"https:\/\/okplus.pl\/?page_id=579#breadcrumb"},"inLanguage":"pl-PL","potentialAction":[{"@type":"ReadAction","target":["https:\/\/okplus.pl\/?page_id=579"]}]},{"@type":"BreadcrumbList","@id":"https:\/\/okplus.pl\/?page_id=579#breadcrumb","itemListElement":[{"@type":"ListItem","position":1,"name":"Strona g\u0142\u00f3wna","item":"https:\/\/okplus.pl\/"},{"@type":"ListItem","position":2,"name":"Asystent Osobisty Osoby Niepe\u0142nosprawnej &#8211; edycja 2025"}]}]}},"_links":{"self":[{"href":"https:\/\/okplus.pl\/index.php?rest_route=\/wp\/v2\/pages\/579"}],"collection":[{"href":"https:\/\/okplus.pl\/index.php?rest_route=\/wp\/v2\/pages"}],"about":[{"href":"https:\/\/okplus.pl\/index.php?rest_route=\/wp\/v2\/types\/page"}],"author":[{"embeddable":true,"href":"https:\/\/okplus.pl\/index.php?rest_route=\/wp\/v2\/users\/1"}],"replies":[{"embeddable":true,"href":"https:\/\/okplus.pl\/index.php?rest_route=%2Fwp%2Fv2%2Fcomments&post=579"}],"version-history":[{"count":15,"href":"https:\/\/okplus.pl\/index.php?rest_route=\/wp\/v2\/pages\/579\/revisions"}],"predecessor-version":[{"id":603,"href":"https:\/\/okplus.pl\/index.php?rest_route=\/wp\/v2\/pages\/579\/revisions\/603"}],"wp:attachment":[{"href":"https:\/\/okplus.pl\/index.php?rest_route=%2Fwp%2Fv2%2Fmedia&parent=579"}],"curies":[{"name":"wp","href":"https:\/\/api.w.org\/{rel}","templated":true}]}}